{"id":24959,"date":"2025-02-05T12:26:55","date_gmt":"2025-02-05T11:26:55","guid":{"rendered":"https:\/\/www.bakasan.cz\/?page_id=24959"},"modified":"2025-02-06T15:09:37","modified_gmt":"2025-02-06T14:09:37","slug":"elementor-24959","status":"publish","type":"page","link":"https:\/\/www.bakasan.cz\/?page_id=24959","title":{"rendered":"Injekt\u00e1\u017ee proti vlhkosti"},"content":{"rendered":"\t\t<div data-elementor-type=\"wp-page\" data-elementor-id=\"24959\" class=\"elementor elementor-24959\" data-elementor-post-type=\"page\">\n\t\t\t\t<div class=\"wd-negative-gap elementor-element elementor-element-266716f wd-section-stretch e-flex e-con-boxed e-con e-parent\" data-id=\"266716f\" data-element_type=\"container\" data-settings=\"{&quot;background_background&quot;:&quot;classic&quot;}\">\n\t\t\t\t\t<div class=\"e-con-inner\">\n\t\t<div class=\"elementor-element elementor-element-9f399f8 e-con-full e-flex e-con e-child\" data-id=\"9f399f8\" data-element_type=\"container\">\n\t\t\t\t<div class=\"elementor-element elementor-element-19206d4 elementor-widget elementor-widget-wd_image_or_svg\" data-id=\"19206d4\" data-element_type=\"widget\" data-widget_type=\"wd_image_or_svg.default\">\n\t\t\t\t<div class=\"elementor-widget-container\">\n\t\t\t\t\t\n\t\t<div class=\"wd-image text-left\">\n\t\t\t\t\t\t\t\t<img fetchpriority=\"high\" decoding=\"async\" width=\"1078\" height=\"644\" src=\"https:\/\/www.bakasan.cz\/wp-content\/uploads\/2025\/02\/1.png\" class=\"attachment-full size-full\" alt=\"\" srcset=\"https:\/\/www.bakasan.cz\/wp-content\/uploads\/2025\/02\/1.png 1078w, https:\/\/www.bakasan.cz\/wp-content\/uploads\/2025\/02\/1-400x239.png 400w, https:\/\/www.bakasan.cz\/wp-content\/uploads\/2025\/02\/1-768x459.png 768w\" sizes=\"(max-width: 1078px) 100vw, 1078px\" \/>\t\t\t\t\t<\/div>\n\n\t\t\t\t\t\t<\/div>\n\t\t\t\t<\/div>\n\t\t\t\t<\/div>\n\t\t<div class=\"elementor-element elementor-element-16fd092 e-con-full e-flex e-con e-child\" data-id=\"16fd092\" data-element_type=\"container\">\n\t\t\t\t<div class=\"elementor-element elementor-element-3699e07 wd-width-100 elementor-widget elementor-widget-wd_title\" data-id=\"3699e07\" data-element_type=\"widget\" data-widget_type=\"wd_title.default\">\n\t\t\t\t<div class=\"elementor-widget-container\">\n\t\t\t\t\t\t\t<div class=\"title-wrapper wd-set-mb reset-last-child wd-title-color-primary wd-title-style-underlined wd-title-size-default text-left\">\n\n\t\t\t\n\t\t\t<div class=\"liner-continer\">\n\t\t\t\t<h4 class=\"woodmart-title-container title wd-fontsize-l\">INJEKT\u00c1\u017dE PROTI VLHKOSTI<\/h4> \n\t\t\t\t\t\t\t<\/div>\n\n\t\t\t\t\t<\/div>\n\t\t\t\t\t\t<\/div>\n\t\t\t\t<\/div>\n\t\t\t\t<div class=\"elementor-element elementor-element-8f6ea55 elementor-widget elementor-widget-wd_text_block\" data-id=\"8f6ea55\" data-element_type=\"widget\" data-widget_type=\"wd_text_block.default\">\n\t\t\t\t<div class=\"elementor-widget-container\">\n\t\t\t\t\t\t\t<div class=\"wd-text-block reset-last-child text-left\">\n\t\t\t\n\t\t\t<p>Injekt\u00e1\u017ee jsou efektivn\u00edm \u0159e\u0161en\u00edm pro odstran\u011bn\u00ed vlhkosti a prevenci jej\u00edho vzniku v betonov\u00fdch konstrukc\u00edch a cihlov\u00fdch objektech. Tento proces spo\u010d\u00edv\u00e1 v aplikaci speci\u00e1ln\u00edch chemick\u00fdch roztok\u016f do st\u011bn, kter\u00e9 vytv\u00e1\u0159ej\u00ed bari\u00e9ru proti vod\u011b a zabra\u0148uj\u00ed jej\u00edmu pronik\u00e1n\u00ed do vnit\u0159ku stavby. Injekt\u00e1\u017ee jsou ide\u00e1ln\u00edm \u0159e\u0161en\u00edm pro star\u0161\u00ed objekty, kde je pot\u0159eba \u0159e\u0161it probl\u00e9my s vlhkost\u00ed.<\/p>\n\t\t\t\t\t<\/div>\n\t\t\t\t\t\t<\/div>\n\t\t\t\t<\/div>\n\t\t\t\t<\/div>\n\t\t<div class=\"elementor-element elementor-element-6a306fa e-con-full e-flex e-con e-child\" data-id=\"6a306fa\" data-element_type=\"container\">\n\t\t\t\t<div class=\"elementor-element elementor-element-80ab4cc elementor-widget elementor-widget-wd_text_block\" data-id=\"80ab4cc\" data-element_type=\"widget\" data-widget_type=\"wd_text_block.default\">\n\t\t\t\t<div class=\"elementor-widget-container\">\n\t\t\t\t\t\t\t<div class=\"wd-text-block reset-last-child text-left\">\n\t\t\t\n\t\t\t<p>Vyu\u017e\u00edvaj\u00ed se i na preventivn\u00ed ochranu novostaveb p\u0159ed budouc\u00edmi probl\u00e9my s vlhkost\u00ed, co\u017e m\u016f\u017ee v\u00fdrazn\u011b prodlou\u017eit \u017eivotnost stavby a zabr\u00e1nit po\u0161kozen\u00ed jej\u00ed struktury.<\/p><p>Tento proces nejen zlep\u0161uje izola\u010dn\u00ed vlastnosti budovy, ale tak\u00e9 p\u0159isp\u00edv\u00e1 ke sn\u00ed\u017een\u00ed energetick\u00fdch n\u00e1klad\u016f, proto\u017ee o\u0161et\u0159en\u00e9 st\u011bny se l\u00e9pe izoluj\u00ed a udr\u017euj\u00ed stabiln\u00ed teplotu. Prov\u00e1d\u011bj\u00ed se rychle a efektivn\u011b, p\u0159i\u010dem\u017e nevy\u017eaduj\u00ed velk\u00e9 z\u00e1sahy do objektu, co\u017e znamen\u00e1 minim\u00e1ln\u00ed naru\u0161en\u00ed jeho provozu.<\/p>\n\t\t\t\t\t<\/div>\n\t\t\t\t\t\t<\/div>\n\t\t\t\t<\/div>\n\t\t\t\t<\/div>\n\t\t\t\t\t<\/div>\n\t\t\t\t<\/div>\n\t\t<div class=\"wd-negative-gap elementor-element elementor-element-703fbd3 wd-section-stretch e-flex e-con-boxed e-con e-parent\" data-id=\"703fbd3\" data-element_type=\"container\" data-settings=\"{&quot;background_background&quot;:&quot;classic&quot;}\">\n\t\t\t\t\t<div class=\"e-con-inner\">\n\t\t<div class=\"elementor-element elementor-element-33124b8 e-con-full e-flex e-con e-child\" data-id=\"33124b8\" data-element_type=\"container\">\n\t\t<div class=\"elementor-element elementor-element-efa6fd5 e-con-full e-flex e-con e-child\" data-id=\"efa6fd5\" data-element_type=\"container\">\n\t\t<div class=\"elementor-element elementor-element-ff06143 e-con-full e-flex e-con e-child\" data-id=\"ff06143\" data-element_type=\"container\">\n\t\t\t\t<div class=\"elementor-element elementor-element-a010ea6 elementor-widget__width-initial elementor-widget-mobile__width-inherit wd-width-100 elementor-widget elementor-widget-wd_title\" data-id=\"a010ea6\" data-element_type=\"widget\" data-widget_type=\"wd_title.default\">\n\t\t\t\t<div class=\"elementor-widget-container\">\n\t\t\t\t\t\t\t<div class=\"title-wrapper wd-set-mb reset-last-child wd-title-color-white wd-title-style-default wd-title-size-large text-left\">\n\n\t\t\t\t\t\t\t\t\t\t\t<div class=\"title-subtitle subtitle-color-white subtitle-style-default wd-fontsize-xs\">\n\t\t\t\t\tV\u00ddHODY INJEKT\u00c1\u017d\u00cd\t\t\t\t<\/div>\n\t\t\t\n\t\t\t<div class=\"liner-continer\">\n\t\t\t\t<h4 class=\"woodmart-title-container title wd-fontsize-xxl\">Mezi hlavn\u00ed v\u00fdhody injekt\u00e1\u017e\u00ed pat\u0159\u00ed:<\/h4> \n\t\t\t\t\t\t\t<\/div>\n\n\t\t\t\t\t<\/div>\n\t\t\t\t\t\t<\/div>\n\t\t\t\t<\/div>\n\t\t\t\t<div class=\"elementor-element elementor-element-1a0d5e1 elementor-widget elementor-widget-wd_image_or_svg\" data-id=\"1a0d5e1\" data-element_type=\"widget\" data-widget_type=\"wd_image_or_svg.default\">\n\t\t\t\t<div class=\"elementor-widget-container\">\n\t\t\t\t\t\n\t\t<div class=\"wd-image text-left\">\n\t\t\t\t\t\t\t\t<img decoding=\"async\" width=\"569\" height=\"150\" src=\"https:\/\/www.bakasan.cz\/wp-content\/uploads\/2025\/02\/2-569x150.png\" class=\"attachment-x150 size-x150\" alt=\"\" srcset=\"https:\/\/www.bakasan.cz\/wp-content\/uploads\/2025\/02\/2-569x150.png 569w, https:\/\/www.bakasan.cz\/wp-content\/uploads\/2025\/02\/2-400x105.png 400w, https:\/\/www.bakasan.cz\/wp-content\/uploads\/2025\/02\/2-1300x343.png 1300w, https:\/\/www.bakasan.cz\/wp-content\/uploads\/2025\/02\/2-768x202.png 768w, https:\/\/www.bakasan.cz\/wp-content\/uploads\/2025\/02\/2-1536x405.png 1536w, https:\/\/www.bakasan.cz\/wp-content\/uploads\/2025\/02\/2-114x30.png 114w, https:\/\/www.bakasan.cz\/wp-content\/uploads\/2025\/02\/2-190x50.png 190w, https:\/\/www.bakasan.cz\/wp-content\/uploads\/2025\/02\/2-379x100.png 379w, https:\/\/www.bakasan.cz\/wp-content\/uploads\/2025\/02\/2-455x120.png 455w, https:\/\/www.bakasan.cz\/wp-content\/uploads\/2025\/02\/2.png 1768w\" sizes=\"(max-width: 569px) 100vw, 569px\" \/>\t\t\t\t\t<\/div>\n\n\t\t\t\t\t\t<\/div>\n\t\t\t\t<\/div>\n\t\t\t\t<\/div>\n\t\t\t\t<\/div>\n\t\t<div class=\"elementor-element elementor-element-b5891d9 e-con-full e-flex e-con e-child\" data-id=\"b5891d9\" data-element_type=\"container\">\n\t\t<div class=\"elementor-element elementor-element-3b06c8a color-scheme-light e-con-full e-flex e-con e-child\" data-id=\"3b06c8a\" data-element_type=\"container\">\n\t\t\t\t<div class=\"elementor-element elementor-element-a1bf8c5 elementor-widget__width-initial elementor-widget elementor-widget-wd_infobox\" data-id=\"a1bf8c5\" data-element_type=\"widget\" data-widget_type=\"wd_infobox.default\">\n\t\t\t\t<div class=\"elementor-widget-container\">\n\t\t\t\t\t\t\t<div class=\"info-box-wrapper\">\n\t\t\t<div class=\"wd-info-box text-left box-icon-align-top box-style-shadow color-scheme-dark\">\n\t\t\t\t\t\t\t\t\t<div class=\"box-icon-wrapper  box-with-text text-size-default box-icon-simple\">\n\t\t\t\t\t\t<div class=\"info-box-icon\">\n\t\t\t\t\t\t\t\t\t\t\t\t\t\t\t01.\t\t\t\t\t\t\t\t\t\t\t\t\t<\/div>\n\t\t\t\t\t<\/div>\n\t\t\t\t\n\t\t\t\t<div class=\"info-box-content\">\n\t\t\t\t\t\n\t\t\t\t\t\t\t\t\t\t\t<h4\t\t\t\t\t\tclass=\"info-box-title title box-title-style-default wd-fontsize-m\" data-elementor-setting-key=\"title\">\n\t\t\t\t\t\t\t\tOdstran\u011bn\u00ed vlhkosti\t\t\t\t\t\t<\/h4>\n\t\t\t\t\t\n\t\t\t\t\t<div class=\"info-box-inner reset-last-child\"data-elementor-setting-key=\"content\"><div class=\"flex-1 overflow-hidden @container\/thread translate-y-[1.5rem] -mt-[1.5rem] pb-[1.5rem]\">\n<div class=\"h-full\">\n<div class=\"react-scroll-to-bottom--css-aakpj-79elbk h-full\">\n<div class=\"react-scroll-to-bottom--css-aakpj-1n7m0yu\">\n<div class=\"flex flex-col text-sm\">\n<article class=\"w-full text-token-text-primary focus-visible:outline-2 focus-visible:outline-offset-[-4px]\" dir=\"auto\" data-testid=\"conversation-turn-73\" data-scroll-anchor=\"true\">\n<div class=\"m-auto text-base py-[18px] px-6\">\n<div class=\"mx-auto flex flex-1 gap-4 text-base md:gap-5 lg:gap-6 md:max-w-3xl\">\n<div class=\"group\/conversation-turn relative flex w-full min-w-0 flex-col agent-turn @xs\/thread:px-0 @sm\/thread:px-1.5 @md\/thread:px-4\">\n<div class=\"flex-col gap-1 md:gap-3\">\n<div class=\"flex max-w-full flex-col flex-grow\">\n<div class=\"min-h-8 text-message flex w-full flex-col items-end gap-2 whitespace-normal break-words text-start [.text-message+&amp;]:mt-5\" dir=\"auto\" data-message-author-role=\"assistant\" data-message-id=\"ce826835-5222-4895-a67f-f7a395e3c863\" data-message-model-slug=\"gpt-4o-mini\">\n<div class=\"flex w-full flex-col gap-1 empty:hidden first:pt-[3px]\">\n<div class=\"markdown prose w-full break-words dark:prose-invert dark\">\n<p>Efektivn\u011b se zbav\u00edte vlhkosti, kter\u00e1 m\u016f\u017ee po\u0161kodit strukturu stavby.<\/p>\n<\/div>\n<\/div>\n<\/div>\n<\/div>\n<\/div>\n<\/div>\n<\/div>\n<\/div>\n<\/article>\n<\/div>\n<\/div>\n<\/div>\n<\/div>\n<\/div>\n<\/div>\n\n\t\t\t\t\t\t\t\t\t<\/div>\n\n\t\t\t\t\t\t\t<\/div>\n\t\t<\/div>\n\t\t\t\t\t\t<\/div>\n\t\t\t\t<\/div>\n\t\t\t\t<div class=\"elementor-element elementor-element-a12df30 elementor-widget__width-initial elementor-widget elementor-widget-wd_infobox\" data-id=\"a12df30\" data-element_type=\"widget\" data-widget_type=\"wd_infobox.default\">\n\t\t\t\t<div class=\"elementor-widget-container\">\n\t\t\t\t\t\t\t<div class=\"info-box-wrapper\">\n\t\t\t<div class=\"wd-info-box text-left box-icon-align-top box-style-shadow color-scheme-dark\">\n\t\t\t\t\t\t\t\t\t<div class=\"box-icon-wrapper  box-with-text text-size-default box-icon-simple\">\n\t\t\t\t\t\t<div class=\"info-box-icon\">\n\t\t\t\t\t\t\t\t\t\t\t\t\t\t\t02.\t\t\t\t\t\t\t\t\t\t\t\t\t<\/div>\n\t\t\t\t\t<\/div>\n\t\t\t\t\n\t\t\t\t<div class=\"info-box-content\">\n\t\t\t\t\t\n\t\t\t\t\t\t\t\t\t\t\t<h4\t\t\t\t\t\tclass=\"info-box-title title box-title-style-default wd-fontsize-m\" data-elementor-setting-key=\"title\">\n\t\t\t\t\t\t\t\tPrevence proti vzniku vlhkosti\t\t\t\t\t\t<\/h4>\n\t\t\t\t\t\n\t\t\t\t\t<div class=\"info-box-inner reset-last-child\"data-elementor-setting-key=\"content\"><p>Injekt\u00e1\u017ee chr\u00e1n\u00ed p\u0159ed budouc\u00edm pronik\u00e1n\u00edm vody do st\u011bn.<\/p>\n<\/div>\n\n\t\t\t\t\t\t\t\t\t<\/div>\n\n\t\t\t\t\t\t\t<\/div>\n\t\t<\/div>\n\t\t\t\t\t\t<\/div>\n\t\t\t\t<\/div>\n\t\t\t\t<div class=\"elementor-element elementor-element-4c0d96a elementor-widget__width-initial elementor-widget elementor-widget-wd_infobox\" data-id=\"4c0d96a\" data-element_type=\"widget\" data-widget_type=\"wd_infobox.default\">\n\t\t\t\t<div class=\"elementor-widget-container\">\n\t\t\t\t\t\t\t<div class=\"info-box-wrapper\">\n\t\t\t<div class=\"wd-info-box text-left box-icon-align-top box-style-shadow color-scheme-dark\">\n\t\t\t\t\t\t\t\t\t<div class=\"box-icon-wrapper  box-with-text text-size-default box-icon-simple\">\n\t\t\t\t\t\t<div class=\"info-box-icon\">\n\t\t\t\t\t\t\t\t\t\t\t\t\t\t\t03.\t\t\t\t\t\t\t\t\t\t\t\t\t<\/div>\n\t\t\t\t\t<\/div>\n\t\t\t\t\n\t\t\t\t<div class=\"info-box-content\">\n\t\t\t\t\t\n\t\t\t\t\t\t\t\t\t\t\t<h4\t\t\t\t\t\tclass=\"info-box-title title box-title-style-default wd-fontsize-m\" data-elementor-setting-key=\"title\">\n\t\t\t\t\t\t\t\tZlep\u0161en\u00ed izola\u010dn\u00edch vlastnost\u00ed\t\t\t\t\t\t<\/h4>\n\t\t\t\t\t\n\t\t\t\t\t<div class=\"info-box-inner reset-last-child\"data-elementor-setting-key=\"content\"><p>O\u0161et\u0159en\u00e9 st\u011bny l\u00e9pe izoluj\u00ed, \u010d\u00edm\u017e se sni\u017euj\u00ed n\u00e1klady na vyt\u00e1p\u011bn\u00ed.<\/p>\n<\/div>\n\n\t\t\t\t\t\t\t\t\t<\/div>\n\n\t\t\t\t\t\t\t<\/div>\n\t\t<\/div>\n\t\t\t\t\t\t<\/div>\n\t\t\t\t<\/div>\n\t\t\t\t<\/div>\n\t\t<div class=\"elementor-element elementor-element-8efb26a color-scheme-light e-con-full e-flex e-con e-child\" data-id=\"8efb26a\" data-element_type=\"container\">\n\t\t\t\t<div class=\"elementor-element elementor-element-d477fe4 elementor-widget__width-initial elementor-widget elementor-widget-wd_infobox\" data-id=\"d477fe4\" data-element_type=\"widget\" data-widget_type=\"wd_infobox.default\">\n\t\t\t\t<div class=\"elementor-widget-container\">\n\t\t\t\t\t\t\t<div class=\"info-box-wrapper\">\n\t\t\t<div class=\"wd-info-box text-left box-icon-align-top box-style-shadow color-scheme-dark\">\n\t\t\t\t\t\t\t\t\t<div class=\"box-icon-wrapper  box-with-text text-size-default box-icon-simple\">\n\t\t\t\t\t\t<div class=\"info-box-icon\">\n\t\t\t\t\t\t\t\t\t\t\t\t\t\t\t04.\t\t\t\t\t\t\t\t\t\t\t\t\t<\/div>\n\t\t\t\t\t<\/div>\n\t\t\t\t\n\t\t\t\t<div class=\"info-box-content\">\n\t\t\t\t\t\n\t\t\t\t\t\t\t\t\t\t\t<h4\t\t\t\t\t\tclass=\"info-box-title title box-title-style-default wd-fontsize-m\" data-elementor-setting-key=\"title\">\n\t\t\t\t\t\t\t\tRychlost aplikace\t\t\t\t\t\t<\/h4>\n\t\t\t\t\t\n\t\t\t\t\t<div class=\"info-box-inner reset-last-child\"data-elementor-setting-key=\"content\"><p>Proces je rychl\u00fd a efektivn\u00ed, nevy\u017eaduje velk\u00e9 z\u00e1sahy do existuj\u00edc\u00ed konstrukce.<\/p>\n<\/div>\n\n\t\t\t\t\t\t\t\t\t<\/div>\n\n\t\t\t\t\t\t\t<\/div>\n\t\t<\/div>\n\t\t\t\t\t\t<\/div>\n\t\t\t\t<\/div>\n\t\t\t\t<div class=\"elementor-element elementor-element-0488f6b elementor-widget__width-initial elementor-widget elementor-widget-wd_infobox\" data-id=\"0488f6b\" data-element_type=\"widget\" data-widget_type=\"wd_infobox.default\">\n\t\t\t\t<div class=\"elementor-widget-container\">\n\t\t\t\t\t\t\t<div class=\"info-box-wrapper\">\n\t\t\t<div class=\"wd-info-box text-left box-icon-align-top box-style-shadow color-scheme-dark\">\n\t\t\t\t\t\t\t\t\t<div class=\"box-icon-wrapper  box-with-text text-size-default box-icon-simple\">\n\t\t\t\t\t\t<div class=\"info-box-icon\">\n\t\t\t\t\t\t\t\t\t\t\t\t\t\t\t05.\t\t\t\t\t\t\t\t\t\t\t\t\t<\/div>\n\t\t\t\t\t<\/div>\n\t\t\t\t\n\t\t\t\t<div class=\"info-box-content\">\n\t\t\t\t\t\n\t\t\t\t\t\t\t\t\t\t\t<h4\t\t\t\t\t\tclass=\"info-box-title title box-title-style-default wd-fontsize-m\" data-elementor-setting-key=\"title\">\n\t\t\t\t\t\t\t\tMinim\u00e1ln\u00ed z\u00e1sah do provozu\t\t\t\t\t\t<\/h4>\n\t\t\t\t\t\n\t\t\t\t\t<div class=\"info-box-inner reset-last-child\"data-elementor-setting-key=\"content\"><p>Injekt\u00e1\u017ee lze prov\u00e9st bez v\u00fdrazn\u00e9ho naru\u0161en\u00ed provozu objektu.<\/p>\n<\/div>\n\n\t\t\t\t\t\t\t\t\t<\/div>\n\n\t\t\t\t\t\t\t<\/div>\n\t\t<\/div>\n\t\t\t\t\t\t<\/div>\n\t\t\t\t<\/div>\n\t\t\t\t<div class=\"elementor-element elementor-element-f26e4c4 elementor-widget__width-initial elementor-widget elementor-widget-wd_infobox\" data-id=\"f26e4c4\" data-element_type=\"widget\" data-widget_type=\"wd_infobox.default\">\n\t\t\t\t<div class=\"elementor-widget-container\">\n\t\t\t\t\t\t\t<div class=\"info-box-wrapper\">\n\t\t\t<div class=\"wd-info-box text-left box-icon-align-top box-style-shadow color-scheme-dark\">\n\t\t\t\t\t\t\t\t\t<div class=\"box-icon-wrapper  box-with-text text-size-default box-icon-simple\">\n\t\t\t\t\t\t<div class=\"info-box-icon\">\n\t\t\t\t\t\t\t\t\t\t\t\t\t\t\t06.\t\t\t\t\t\t\t\t\t\t\t\t\t<\/div>\n\t\t\t\t\t<\/div>\n\t\t\t\t\n\t\t\t\t<div class=\"info-box-content\">\n\t\t\t\t\t\n\t\t\t\t\t\t\t\t\t\t\t<h4\t\t\t\t\t\tclass=\"info-box-title title box-title-style-default wd-fontsize-m\" data-elementor-setting-key=\"title\">\n\t\t\t\t\t\t\t\tTrvalost \u00fa\u010dinku\t\t\t\t\t\t<\/h4>\n\t\t\t\t\t\n\t\t\t\t\t<div class=\"info-box-inner reset-last-child\"data-elementor-setting-key=\"content\"><p>Chemick\u00e9 roztoky pou\u017e\u00edvan\u00e9 p\u0159i injekt\u00e1\u017ei vytv\u00e1\u0159ej\u00ed ochranu, kter\u00e1 vydr\u017e\u00ed mnoho let.<\/p>\n<\/div>\n\n\t\t\t\t\t\t\t\t\t<\/div>\n\n\t\t\t\t\t\t\t<\/div>\n\t\t<\/div>\n\t\t\t\t\t\t<\/div>\n\t\t\t\t<\/div>\n\t\t\t\t<\/div>\n\t\t\t\t<\/div>\n\t\t\t\t<\/div>\n\t\t\t\t\t<\/div>\n\t\t\t\t<\/div>\n\t\t\t\t<\/div>\n\t\t","protected":false},"excerpt":{"rendered":"<p>INJEKT\u00c1\u017dE PROTI VLHKOSTI Injekt\u00e1\u017ee jsou efektivn\u00edm \u0159e\u0161en\u00edm pro odstran\u011bn\u00ed vlhkosti a prevenci jej\u00edho vzniku v betonov\u00fdch konstrukc\u00edch a cihlov\u00fdch objektech.<\/p>\n","protected":false},"author":1,"featured_media":0,"parent":0,"menu_order":0,"comment_status":"closed","ping_status":"closed","template":"","meta":{"footnotes":""},"class_list":["post-24959","page","type-page","status-publish","hentry"],"_links":{"self":[{"href":"https:\/\/www.bakasan.cz\/index.php?rest_route=\/wp\/v2\/pages\/24959","targetHints":{"allow":["GET"]}}],"collection":[{"href":"https:\/\/www.bakasan.cz\/index.php?rest_route=\/wp\/v2\/pages"}],"about":[{"href":"https:\/\/www.bakasan.cz\/index.php?rest_route=\/wp\/v2\/types\/page"}],"author":[{"embeddable":true,"href":"https:\/\/www.bakasan.cz\/index.php?rest_route=\/wp\/v2\/users\/1"}],"replies":[{"embeddable":true,"href":"https:\/\/www.bakasan.cz\/index.php?rest_route=%2Fwp%2Fv2%2Fcomments&post=24959"}],"version-history":[{"count":6,"href":"https:\/\/www.bakasan.cz\/index.php?rest_route=\/wp\/v2\/pages\/24959\/revisions"}],"predecessor-version":[{"id":25266,"href":"https:\/\/www.bakasan.cz\/index.php?rest_route=\/wp\/v2\/pages\/24959\/revisions\/25266"}],"wp:attachment":[{"href":"https:\/\/www.bakasan.cz\/index.php?rest_route=%2Fwp%2Fv2%2Fmedia&parent=24959"}],"curies":[{"name":"wp","href":"https:\/\/api.w.org\/{rel}","templated":true}]}}